{"id":2,"date":"2014-10-17T11:18:32","date_gmt":"2014-10-17T11:18:32","guid":{"rendered":"http:\/\/www.trencaclosques.es\/?page_id=2"},"modified":"2022-08-04T14:13:18","modified_gmt":"2022-08-04T12:13:18","slug":"sample-page","status":"publish","type":"page","link":"https:\/\/trencaclosques.cat\/?page_id=2","title":{"rendered":"Espectacles"},"content":{"rendered":"<p><a href=\"http:\/\/www.trencaclosques.cat\/wp-content\/uploads\/2014\/10\/trenca2.gif\"><img loading=\"lazy\" decoding=\"async\" class=\"wp-image-133 size-medium aligncenter\" src=\"http:\/\/www.trencaclosques.cat\/wp-content\/uploads\/2014\/10\/trenca2-300x82.gif\" alt=\"\" width=\"300\" height=\"82\" srcset=\"https:\/\/trencaclosques.cat\/wp-content\/uploads\/2014\/10\/trenca2-300x82.gif 300w, https:\/\/trencaclosques.cat\/wp-content\/uploads\/2014\/10\/trenca2-1024x281.gif 1024w\" sizes=\"auto, (max-width: 300px) 100vw, 300px\" \/><\/a><\/p>\n<p>M\u00fasica \u00edntegrament en directe (bateria, baix, guitarra i veus), Trencaclosques presenta el seu espectacle m\u00e9s consolidat despr\u00e9s de 25 anys sobre els escenaris, ara renovat amb les can\u00e7ons del seu segon disc &#8220;Trencaclosques a la mar&#8221;, on tot esdev\u00e9 mariner.<\/p>\n<p>M\u00fasica infantil&nbsp;amb balls i&nbsp;jocs protagonitzats pel pallasso Flop, aspirant a mag que amb els seus amics&nbsp;el senyor Renou,&nbsp;en&nbsp;Xop i en Truc,&nbsp;us presenten un espectacle musical que garanteix la diversi\u00f3 de totes les edats.<\/p>\n<p>L&#8217;actuaci\u00f3 t\u00e9 una durada aproximada de 60 minuts i&nbsp;l&#8217;edat orientativa \u00e9s de 3 a 12 anys. Es necessari&nbsp;disposar de corrent el\u00e8ctric,&nbsp;espai per al grup i per a que els&nbsp;infants ballin!<\/p>\n<p>\u00c9s possible contractar l&#8217;espectacle amb un int\u00e8rpret de llengua de signes.<\/p>\n<p><a href=\"http:\/\/www.trencaclosques.cat\/wp-content\/uploads\/2019\/04\/Rueta2019.jpg\"><img loading=\"lazy\" decoding=\"async\" class=\"aligncenter size-large wp-image-496\" src=\"http:\/\/www.trencaclosques.cat\/wp-content\/uploads\/2019\/04\/Rueta2019-1024x768.jpg\" alt=\"\" width=\"863\" height=\"647\" srcset=\"https:\/\/trencaclosques.cat\/wp-content\/uploads\/2019\/04\/Rueta2019-1024x768.jpg 1024w, https:\/\/trencaclosques.cat\/wp-content\/uploads\/2019\/04\/Rueta2019-300x225.jpg 300w, https:\/\/trencaclosques.cat\/wp-content\/uploads\/2019\/04\/Rueta2019-768x576.jpg 768w, https:\/\/trencaclosques.cat\/wp-content\/uploads\/2019\/04\/Rueta2019-863x647.jpg 863w, https:\/\/trencaclosques.cat\/wp-content\/uploads\/2019\/04\/Rueta2019-144x108.jpg 144w, https:\/\/trencaclosques.cat\/wp-content\/uploads\/2019\/04\/Rueta2019.jpg 1184w\" sizes=\"auto, (max-width: 863px) 100vw, 863px\" \/><\/a><\/p>\n<p><a href=\"http:\/\/www.trencaclosques.cat\/wp-content\/uploads\/2014\/10\/superflex.jpg\"><img loading=\"lazy\" decoding=\"async\" class=\"size-full wp-image-25 aligncenter\" src=\"http:\/\/www.trencaclosques.cat\/wp-content\/uploads\/2014\/10\/superflex.jpg\" alt=\"superflex\" width=\"371\" height=\"75\" srcset=\"https:\/\/trencaclosques.cat\/wp-content\/uploads\/2014\/10\/superflex.jpg 371w, https:\/\/trencaclosques.cat\/wp-content\/uploads\/2014\/10\/superflex-300x60.jpg 300w\" sizes=\"auto, (max-width: 371px) 100vw, 371px\" \/><\/a><\/p>\n<p>SuperFlex \u00e9s un espectacle de carrer amb cinc components que intercalen la m\u00fasica i els vehicles estranys&nbsp;amb els n\u00fameros de pallassos.<\/p>\n<div>\n<p>La durada de l&#8217;actuaci\u00f3 \u00e9s de 70 minuts, aproximadament. \u00c9s possible fer el cercavila amb una batucada sense els n\u00fameros amb una durada de 45-60 minuts.<\/p>\n<p><a href=\"http:\/\/www.trencaclosques.cat\/wp-content\/uploads\/2014\/10\/NewSuperFlex.jpg\"><img loading=\"lazy\" decoding=\"async\" class=\"aligncenter wp-image-376 size-large\" src=\"http:\/\/www.trencaclosques.cat\/wp-content\/uploads\/2014\/10\/NewSuperFlex-1024x609.jpg\" alt=\"\" width=\"863\" height=\"513\" srcset=\"https:\/\/trencaclosques.cat\/wp-content\/uploads\/2014\/10\/NewSuperFlex-1024x609.jpg 1024w, https:\/\/trencaclosques.cat\/wp-content\/uploads\/2014\/10\/NewSuperFlex-300x178.jpg 300w, https:\/\/trencaclosques.cat\/wp-content\/uploads\/2014\/10\/NewSuperFlex-768x457.jpg 768w, https:\/\/trencaclosques.cat\/wp-content\/uploads\/2014\/10\/NewSuperFlex-863x513.jpg 863w, https:\/\/trencaclosques.cat\/wp-content\/uploads\/2014\/10\/NewSuperFlex-182x108.jpg 182w, https:\/\/trencaclosques.cat\/wp-content\/uploads\/2014\/10\/NewSuperFlex.jpg 1440w\" sizes=\"auto, (max-width: 863px) 100vw, 863px\" \/><\/a><\/p>\n<\/div>\n<p><a href=\"http:\/\/www.trencaclosques.cat\/wp-content\/uploads\/2014\/10\/flipiflop.jpg\"><img loading=\"lazy\" decoding=\"async\" class=\"size-full wp-image-44 aligncenter\" src=\"http:\/\/www.trencaclosques.cat\/wp-content\/uploads\/2014\/10\/flipiflop.jpg\" alt=\"flipiflop\" width=\"323\" height=\"142\" srcset=\"https:\/\/trencaclosques.cat\/wp-content\/uploads\/2014\/10\/flipiflop.jpg 323w, https:\/\/trencaclosques.cat\/wp-content\/uploads\/2014\/10\/flipiflop-300x131.jpg 300w\" sizes=\"auto, (max-width: 323px) 100vw, 323px\" \/><\/a><\/p>\n<div>Duet d\u2019animaci\u00f3 format pels pallassos Flip i Flop que&nbsp;fonamenten el seu espectacle en can\u00e7ons infantils, jocs i n\u00fameros c\u00f2mics dignes dels millors clowns que encisaran els m\u00e9s menuts&#8230; i els no tan menuts!<\/div>\n<p>L&#8217;actuaci\u00f3 t\u00e9 una durada aproximada de 60 minuts. L&#8217;edat orientativa \u00e9s de 3 a 8&nbsp;anys.<\/p>\n<p><a href=\"http:\/\/www.trencaclosques.cat\/wp-content\/uploads\/2014\/10\/Flip-i-Flop.jpg\"><img loading=\"lazy\" decoding=\"async\" class=\"aligncenter size-full wp-image-46\" src=\"http:\/\/www.trencaclosques.cat\/wp-content\/uploads\/2014\/10\/Flip-i-Flop.jpg\" alt=\"Flip i Flop\" width=\"480\" height=\"403\" srcset=\"https:\/\/trencaclosques.cat\/wp-content\/uploads\/2014\/10\/Flip-i-Flop.jpg 480w, https:\/\/trencaclosques.cat\/wp-content\/uploads\/2014\/10\/Flip-i-Flop-300x251.jpg 300w\" sizes=\"auto, (max-width: 480px) 100vw, 480px\" \/><\/a><\/p>\n<p><a href=\"http:\/\/www.trencaclosques.cat\/wp-content\/uploads\/2014\/10\/miniflex.jpg\"><img loading=\"lazy\" decoding=\"async\" class=\"aligncenter size-full wp-image-48\" src=\"http:\/\/www.trencaclosques.cat\/wp-content\/uploads\/2014\/10\/miniflex.jpg\" alt=\"miniflex\" width=\"290\" height=\"75\"><\/a><\/p>\n<p>Per animar la seva fira o la seva presentaci\u00f3, Miniflex \u00e9s un espectacle d\u2019animaci\u00f3 de carrer interpretat per dos personatges que provocaran la participaci\u00f3 del p\u00fablic i faran que ning\u00fa no oblidi la diada. Un policia disposat a posar ordre des de les altures i un ciclista amb un vacil\u00b7lant sentit de l&#8217;equilibri, sorprendran a tothom amb les seves bogeries. L&#8217;espectacle no necessita suport t\u00e8cnic, i la durada aproximada \u00e9s de 60 minuts, tot i que es poden organitzar passades successives.<\/p>\n<p><a href=\"http:\/\/www.trencaclosques.cat\/wp-content\/uploads\/2014\/10\/miniflex-1.jpg\"><img loading=\"lazy\" decoding=\"async\" class=\"aligncenter size-full wp-image-49\" src=\"http:\/\/www.trencaclosques.cat\/wp-content\/uploads\/2014\/10\/miniflex-1.jpg\" alt=\"miniflex (1)\" width=\"404\" height=\"480\" srcset=\"https:\/\/trencaclosques.cat\/wp-content\/uploads\/2014\/10\/miniflex-1.jpg 404w, https:\/\/trencaclosques.cat\/wp-content\/uploads\/2014\/10\/miniflex-1-252x300.jpg 252w\" sizes=\"auto, (max-width: 404px) 100vw, 404px\" \/><\/a><\/p>\n<p><a href=\"http:\/\/www.trencaclosques.cat\/wp-content\/uploads\/2014\/10\/flop.jpg\"><img loading=\"lazy\" decoding=\"async\" class=\"aligncenter size-full wp-image-52\" src=\"http:\/\/www.trencaclosques.cat\/wp-content\/uploads\/2014\/10\/flop.jpg\" alt=\"flop\" width=\"238\" height=\"88\"><\/a><\/p>\n<p>El pallasso Flop presenta un espectacle clown que far\u00e0 riure a petits i grans de principi a fi. Aquest espectacle \u00e9s adaptable a totes les edats, des del p\u00fablic infantil fins a l\u2019adult, sense perdre mai l\u2019alegria ni l\u2019 humor.<\/p>\n<p><a href=\"http:\/\/www.trencaclosques.cat\/wp-content\/uploads\/2014\/10\/WhatsApp-Image-2017-03-29-at-12.46.37.jpeg\"><img loading=\"lazy\" decoding=\"async\" class=\" wp-image-338 aligncenter\" src=\"http:\/\/www.trencaclosques.cat\/wp-content\/uploads\/2014\/10\/WhatsApp-Image-2017-03-29-at-12.46.37-867x1024.jpeg\" alt=\"\" width=\"605\" height=\"714\" srcset=\"https:\/\/trencaclosques.cat\/wp-content\/uploads\/2014\/10\/WhatsApp-Image-2017-03-29-at-12.46.37-867x1024.jpeg 867w, https:\/\/trencaclosques.cat\/wp-content\/uploads\/2014\/10\/WhatsApp-Image-2017-03-29-at-12.46.37-254x300.jpeg 254w, https:\/\/trencaclosques.cat\/wp-content\/uploads\/2014\/10\/WhatsApp-Image-2017-03-29-at-12.46.37-768x907.jpeg 768w, https:\/\/trencaclosques.cat\/wp-content\/uploads\/2014\/10\/WhatsApp-Image-2017-03-29-at-12.46.37-863x1019.jpeg 863w, https:\/\/trencaclosques.cat\/wp-content\/uploads\/2014\/10\/WhatsApp-Image-2017-03-29-at-12.46.37-91x108.jpeg 91w, https:\/\/trencaclosques.cat\/wp-content\/uploads\/2014\/10\/WhatsApp-Image-2017-03-29-at-12.46.37.jpeg 1355w\" sizes=\"auto, (max-width: 605px) 100vw, 605px\" \/><\/a><\/p>\n","protected":false},"excerpt":{"rendered":"<p>M\u00fasica \u00edntegrament en directe (bateria, baix, guitarra i veus), Trencaclosques presenta el seu espectacle m\u00e9s consolidat despr\u00e9s de 25 anys sobre els escenaris, ara renovat amb les can\u00e7ons del seu segon disc &#8220;Trencaclosques a la mar&#8221;, on tot esdev\u00e9 mariner. M\u00fasica infantil&nbsp;amb balls i&nbsp;jocs protagonitzats pel pallasso Flop, aspirant a mag que amb els seus &hellip; <a href=\"https:\/\/trencaclosques.cat\/?page_id=2\" class=\"more-link\">Continue reading <span class=\"screen-reader-text\">Espectacles<\/span><\/a><\/p>\n","protected":false},"author":1,"featured_media":0,"parent":0,"menu_order":0,"comment_status":"open","ping_status":"open","template":"","meta":{"footnotes":""},"class_list":["post-2","page","type-page","status-publish","hentry"],"_links":{"self":[{"href":"https:\/\/trencaclosques.cat\/index.php?rest_route=\/wp\/v2\/pages\/2","targetHints":{"allow":["GET"]}}],"collection":[{"href":"https:\/\/trencaclosques.cat\/index.php?rest_route=\/wp\/v2\/pages"}],"about":[{"href":"https:\/\/trencaclosques.cat\/index.php?rest_route=\/wp\/v2\/types\/page"}],"author":[{"embeddable":true,"href":"https:\/\/trencaclosques.cat\/index.php?rest_route=\/wp\/v2\/users\/1"}],"replies":[{"embeddable":true,"href":"https:\/\/trencaclosques.cat\/index.php?rest_route=%2Fwp%2Fv2%2Fcomments&post=2"}],"version-history":[{"count":10,"href":"https:\/\/trencaclosques.cat\/index.php?rest_route=\/wp\/v2\/pages\/2\/revisions"}],"predecessor-version":[{"id":679,"href":"https:\/\/trencaclosques.cat\/index.php?rest_route=\/wp\/v2\/pages\/2\/revisions\/679"}],"wp:attachment":[{"href":"https:\/\/trencaclosques.cat\/index.php?rest_route=%2Fwp%2Fv2%2Fmedia&parent=2"}],"curies":[{"name":"wp","href":"https:\/\/api.w.org\/{rel}","templated":true}]}}