{"id":54,"date":"2014-10-18T19:26:30","date_gmt":"2014-10-18T17:26:30","guid":{"rendered":"http:\/\/www.trencaclosques.es\/?page_id=54"},"modified":"2021-11-26T14:40:25","modified_gmt":"2021-11-26T13:40:25","slug":"discografia","status":"publish","type":"page","link":"https:\/\/trencaclosques.cat\/?page_id=54","title":{"rendered":"Discografia"},"content":{"rendered":"<p><strong>TRENCACLOSQUES A LA MAR (2021)<\/strong><\/p>\n<p>15 can\u00e7ons de tem\u00e0tica marinera ens portaran a l&#8217;aventura m\u00e9s gran de Trencaclosques. Arranjaments per a orquestra del mestre Toni Cuenca i un munt de col\u00b7laboracions fan d&#8217;aquest disc una obra pensada perqu\u00e8 agradi a petits i a grans.<\/p>\n<p><a href=\"http:\/\/trencaclosques.cat\/wp-content\/uploads\/2021\/08\/portadatrenca.jpg\"><img loading=\"lazy\" decoding=\"async\" class=\"aligncenter  wp-image-629\" src=\"http:\/\/trencaclosques.cat\/wp-content\/uploads\/2021\/08\/portadatrenca.jpg\" alt=\"\" width=\"556\" height=\"557\" srcset=\"https:\/\/trencaclosques.cat\/wp-content\/uploads\/2021\/08\/portadatrenca.jpg 935w, https:\/\/trencaclosques.cat\/wp-content\/uploads\/2021\/08\/portadatrenca-300x300.jpg 300w, https:\/\/trencaclosques.cat\/wp-content\/uploads\/2021\/08\/portadatrenca-150x150.jpg 150w, https:\/\/trencaclosques.cat\/wp-content\/uploads\/2021\/08\/portadatrenca-768x770.jpg 768w, https:\/\/trencaclosques.cat\/wp-content\/uploads\/2021\/08\/portadatrenca-863x865.jpg 863w, https:\/\/trencaclosques.cat\/wp-content\/uploads\/2021\/08\/portadatrenca-108x108.jpg 108w\" sizes=\"auto, (max-width: 556px) 100vw, 556px\" \/><\/a><\/p>\n<p><strong>AMB UN SOMRIURE (2011)<\/strong><\/p>\n<p>\u201cAmb un Somriure\u201d es un disc produ\u00eft per Toni Cuenca i Trencaclosques, i \u00e9s un CD \u201cdivertit, per\u00f2 alhora educatiu\u201d que \u00e9s el resultat de plasmar a l\u2019estudi la intensa activitat art\u00edstica del grup al llarg de disset anys com a conjunt d\u2019animaci\u00f3 infantil, de teatre de carrer i que ve acompanyat d\u2019un aplec de material did\u00e0ctic per a l\u2019\u00fas dels professionals de l\u2019educaci\u00f3 . Tretze temes que barregen les composicions pr\u00f2pies amb temes de sempre que podr\u00edem escoltar a qualsevol de les seves actuacions amb el segell inconfusible de la m\u00fasica en directe.<a href=\"http:\/\/www.trencaclosques.es\/wp-content\/uploads\/2014\/10\/p1.jpg\"><img loading=\"lazy\" decoding=\"async\" class=\"aligncenter wp-image-55 size-medium\" src=\"http:\/\/www.trencaclosques.es\/wp-content\/uploads\/2014\/10\/p1-300x300.jpg\" alt=\"Portada del disc Amb un somriure\" width=\"300\" height=\"300\" srcset=\"https:\/\/trencaclosques.cat\/wp-content\/uploads\/2014\/10\/p1-300x300.jpg 300w, https:\/\/trencaclosques.cat\/wp-content\/uploads\/2014\/10\/p1-150x150.jpg 150w, https:\/\/trencaclosques.cat\/wp-content\/uploads\/2014\/10\/p1-1024x1024.jpg 1024w, https:\/\/trencaclosques.cat\/wp-content\/uploads\/2014\/10\/p1.jpg 1417w\" sizes=\"auto, (max-width: 300px) 100vw, 300px\" \/><\/a><\/p>\n","protected":false},"excerpt":{"rendered":"<p>TRENCACLOSQUES A LA MAR (2021) 15 can\u00e7ons de tem\u00e0tica marinera ens portaran a l&#8217;aventura m\u00e9s gran de Trencaclosques. Arranjaments per a orquestra del mestre Toni Cuenca i un munt de col\u00b7laboracions fan d&#8217;aquest disc una obra pensada perqu\u00e8 agradi a petits i a grans. AMB UN SOMRIURE (2011) \u201cAmb un Somriure\u201d es un disc produ\u00eft &hellip; <a href=\"https:\/\/trencaclosques.cat\/?page_id=54\" class=\"more-link\">Continue reading <span class=\"screen-reader-text\">Discografia<\/span><\/a><\/p>\n","protected":false},"author":1,"featured_media":0,"parent":0,"menu_order":0,"comment_status":"open","ping_status":"open","template":"","meta":{"footnotes":""},"class_list":["post-54","page","type-page","status-publish","hentry"],"_links":{"self":[{"href":"https:\/\/trencaclosques.cat\/index.php?rest_route=\/wp\/v2\/pages\/54","targetHints":{"allow":["GET"]}}],"collection":[{"href":"https:\/\/trencaclosques.cat\/index.php?rest_route=\/wp\/v2\/pages"}],"about":[{"href":"https:\/\/trencaclosques.cat\/index.php?rest_route=\/wp\/v2\/types\/page"}],"author":[{"embeddable":true,"href":"https:\/\/trencaclosques.cat\/index.php?rest_route=\/wp\/v2\/users\/1"}],"replies":[{"embeddable":true,"href":"https:\/\/trencaclosques.cat\/index.php?rest_route=%2Fwp%2Fv2%2Fcomments&post=54"}],"version-history":[{"count":6,"href":"https:\/\/trencaclosques.cat\/index.php?rest_route=\/wp\/v2\/pages\/54\/revisions"}],"predecessor-version":[{"id":645,"href":"https:\/\/trencaclosques.cat\/index.php?rest_route=\/wp\/v2\/pages\/54\/revisions\/645"}],"wp:attachment":[{"href":"https:\/\/trencaclosques.cat\/index.php?rest_route=%2Fwp%2Fv2%2Fmedia&parent=54"}],"curies":[{"name":"wp","href":"https:\/\/api.w.org\/{rel}","templated":true}]}}