{"id":74,"date":"2014-10-19T09:53:39","date_gmt":"2014-10-19T07:53:39","guid":{"rendered":"http:\/\/www.trencaclosques.es\/?page_id=74"},"modified":"2014-11-05T18:41:45","modified_gmt":"2014-11-05T17:41:45","slug":"material-didactic","status":"publish","type":"page","link":"https:\/\/trencaclosques.cat\/?page_id=74","title":{"rendered":"Material Did\u00e0ctic"},"content":{"rendered":"<p>Benvolguts docents,<\/p>\n<p>El disc de Trencaclosques &#8220;Amb un Somriure&#8221; es complementa amb un recull de material did\u00e0ctic que vos permetr\u00e0 treballar amb el disc a l&#8217;escola. Aquest material inclou una unitat did\u00e0ctica per a cada can\u00e7\u00f3 i la partitura de la mateixa. Podeu utilitzar aquest material segons el vostre criteri. Vos agrairem tots els comentaris que ens vulgueu fer arribar a l&#8217;adre\u00e7a <a title=\"informacio@trencaclosques.es\" href=\"mailto:informacio@trencaclosques.es\">informacio@trencaclosques.es<\/a> que ens ajudin a millorar-lo.<\/p>\n<p>Des d&#8217;aqu\u00ed volem agrair la col\u00b7laboraci\u00f3 en la confecci\u00f3 de les unitats did\u00e0ctiques de la mestra en educaci\u00f3 musical Isabel Pallicer.<\/p>\n<p>Cordialment<\/p>\n<p>Trencaclosques<\/p>\n<p>&nbsp;<\/p>\n<table border=\"2\">\n<tbody>\n<tr>\n<td>Som Trencaclosques<\/td>\n<td><a title=\"Unitat Did\u00e0ctica\" href=\"http:\/\/www.trencaclosques.es\/wp-content\/uploads\/2014\/11\/UDSomTrencaclosques.pdf\" target=\"_blank\">Unitat Did\u00e0ctica<\/a><\/td>\n<td><a title=\"Partitura\" href=\"http:\/\/www.trencaclosques.es\/wp-content\/uploads\/2014\/11\/partiturasomtrencaclosques.pdf\" target=\"_blank\">Partitura<\/a><\/td>\n<\/tr>\n<tr>\n<td>S&#8217;Escarabat Sebasti\u00e0<\/td>\n<td><a href=\"http:\/\/www.trencaclosques.es\/wp-content\/uploads\/2014\/11\/udescarabatsebastia.pdf\" target=\"_blank\">Unitat Did\u00e0ctica<\/a><\/td>\n<td><a href=\"http:\/\/www.trencaclosques.es\/wp-content\/uploads\/2014\/11\/partituraescarabatsebastia.pdf\" target=\"_blank\">Partitura<\/a><\/td>\n<\/tr>\n<tr>\n<td>Parapap\u00e0<\/td>\n<td><a href=\"http:\/\/www.trencaclosques.es\/wp-content\/uploads\/2014\/11\/udparapapa.pdf\" target=\"_blank\">Unitat Did\u00e0tica<\/a><\/td>\n<td><a href=\"http:\/\/www.trencaclosques.es\/wp-content\/uploads\/2014\/11\/partituraparapapa.pdf\" target=\"_blank\">Partitura<\/a><\/td>\n<\/tr>\n<tr>\n<td>La Can\u00e7\u00f3 dels Instruments<\/td>\n<td><a href=\"http:\/\/www.trencaclosques.es\/wp-content\/uploads\/2014\/11\/udlacancodelsinstruments.pdf\" target=\"_blank\">Unitat Did\u00e0ctica<\/a><\/td>\n<td><a href=\"http:\/\/www.trencaclosques.es\/wp-content\/uploads\/2014\/11\/partituralacancodelsinstruments.pdf\" target=\"_blank\">Partitura<\/a><\/td>\n<\/tr>\n<tr>\n<td>Senyor Conductor<\/td>\n<td>Unitat Did\u00e0ctica<\/td>\n<td><a href=\"http:\/\/www.trencaclosques.es\/wp-content\/uploads\/2014\/11\/partiturasenyorconductor.pdf\" target=\"_blank\">Partitura<\/a><\/td>\n<\/tr>\n<tr>\n<td>Es Safari<\/td>\n<td><a href=\"http:\/\/www.trencaclosques.es\/wp-content\/uploads\/2014\/11\/udessafari.pdf\" target=\"_blank\">Unitat Did\u00e0ctica<\/a><\/td>\n<td><a href=\"http:\/\/www.trencaclosques.es\/wp-content\/uploads\/2014\/11\/partituraessafari.pdf\" target=\"_blank\">Partitura<\/a><\/td>\n<\/tr>\n<tr>\n<td>Eram Sam Sam<\/td>\n<td><a href=\"http:\/\/www.trencaclosques.es\/wp-content\/uploads\/2014\/11\/uderamsamsam.pdf\" target=\"_blank\">Unitat Did\u00e0ctica<\/a><\/td>\n<td><a href=\"http:\/\/www.trencaclosques.es\/wp-content\/uploads\/2014\/11\/partituraeramsamsam.pdf\" target=\"_blank\">Partitura<\/a><\/td>\n<\/tr>\n<tr>\n<td>Sa Pilota<\/td>\n<td><a href=\"http:\/\/www.trencaclosques.es\/wp-content\/uploads\/2014\/11\/udsapilota.pdf\" target=\"_blank\">Unitat Did\u00e0ctica<\/a><\/td>\n<td><a href=\"http:\/\/www.trencaclosques.es\/wp-content\/uploads\/2014\/11\/partiturasapilota.pdf\" target=\"_blank\">Partitura<\/a><\/td>\n<\/tr>\n<tr>\n<td>Sa Padrina Catalina<\/td>\n<td><a href=\"http:\/\/www.trencaclosques.es\/wp-content\/uploads\/2014\/11\/udsapadrinacatalina.pdf\" target=\"_blank\">Unitat Did\u00e0ctica<\/a><\/td>\n<td><a href=\"http:\/\/www.trencaclosques.es\/wp-content\/uploads\/2014\/11\/partiturasapadrinacatalina.pdf\" target=\"_blank\">Partitura<\/a><\/td>\n<\/tr>\n<tr>\n<td>Sa Yenka<\/td>\n<td><a href=\"http:\/\/www.trencaclosques.es\/wp-content\/uploads\/2014\/11\/udsayenka.pdf\" target=\"_blank\">Unitat Did\u00e0ctica<\/a><\/td>\n<td><a href=\"http:\/\/www.trencaclosques.es\/wp-content\/uploads\/2014\/11\/partiturasayenka.pdf\" target=\"_blank\">Partitura<\/a><\/td>\n<\/tr>\n<tr>\n<td>La Dansa dels Planetes<\/td>\n<td><a href=\"http:\/\/www.trencaclosques.es\/wp-content\/uploads\/2014\/11\/udladansadelsplanetes.pdf\" target=\"_blank\">Unitat Did\u00e0ctica<\/a><\/td>\n<td><a href=\"http:\/\/www.trencaclosques.es\/wp-content\/uploads\/2014\/11\/partituraladansadelsplanetes.pdf\" target=\"_blank\">Partitura<\/a><\/td>\n<\/tr>\n<tr>\n<td>Mini Nana<\/td>\n<td>Unitat Did\u00e0ctica<\/td>\n<td><a href=\"http:\/\/www.trencaclosques.es\/wp-content\/uploads\/2014\/11\/partituramininana.pdf\" target=\"_blank\">Partitura<\/a><\/td>\n<\/tr>\n<\/tbody>\n<\/table>\n","protected":false},"excerpt":{"rendered":"<p>Benvolguts docents, El disc de Trencaclosques &#8220;Amb un Somriure&#8221; es complementa amb un recull de material did\u00e0ctic que vos permetr\u00e0 treballar amb el disc a l&#8217;escola. Aquest material inclou una unitat did\u00e0ctica per a cada can\u00e7\u00f3 i la partitura de la mateixa. Podeu utilitzar aquest material segons el vostre criteri. Vos agrairem tots els comentaris &hellip; <a href=\"https:\/\/trencaclosques.cat\/?page_id=74\" class=\"more-link\">Continue reading <span class=\"screen-reader-text\">Material Did\u00e0ctic<\/span><\/a><\/p>\n","protected":false},"author":1,"featured_media":0,"parent":0,"menu_order":1,"comment_status":"open","ping_status":"closed","template":"","meta":{"footnotes":""},"class_list":["post-74","page","type-page","status-publish","hentry"],"_links":{"self":[{"href":"https:\/\/trencaclosques.cat\/index.php?rest_route=\/wp\/v2\/pages\/74","targetHints":{"allow":["GET"]}}],"collection":[{"href":"https:\/\/trencaclosques.cat\/index.php?rest_route=\/wp\/v2\/pages"}],"about":[{"href":"https:\/\/trencaclosques.cat\/index.php?rest_route=\/wp\/v2\/types\/page"}],"author":[{"embeddable":true,"href":"https:\/\/trencaclosques.cat\/index.php?rest_route=\/wp\/v2\/users\/1"}],"replies":[{"embeddable":true,"href":"https:\/\/trencaclosques.cat\/index.php?rest_route=%2Fwp%2Fv2%2Fcomments&post=74"}],"version-history":[{"count":5,"href":"https:\/\/trencaclosques.cat\/index.php?rest_route=\/wp\/v2\/pages\/74\/revisions"}],"predecessor-version":[{"id":124,"href":"https:\/\/trencaclosques.cat\/index.php?rest_route=\/wp\/v2\/pages\/74\/revisions\/124"}],"wp:attachment":[{"href":"https:\/\/trencaclosques.cat\/index.php?rest_route=%2Fwp%2Fv2%2Fmedia&parent=74"}],"curies":[{"name":"wp","href":"https:\/\/api.w.org\/{rel}","templated":true}]}}